{"id":172,"date":"2016-02-21T15:46:30","date_gmt":"2016-02-21T15:46:30","guid":{"rendered":"http:\/\/demowp.cththemes.net\/monolit\/?page_id=172"},"modified":"2024-01-31T18:58:50","modified_gmt":"2024-01-31T22:58:50","slug":"contacto","status":"publish","type":"page","link":"https:\/\/keutmann.cl\/inicio\/contacto\/","title":{"rendered":"Contacto"},"content":{"rendered":"<p>[vc_row cth_layout=\u00bbmonolit_page_sec\u00bb][vc_column offset=\u00bbvc_col-md-8&#8243;][vc_column_text]<\/p>\n<h1 id=\"tw-target-text\" class=\"tw-data-text tw-text-large tw-ta\" dir=\"ltr\" data-placeholder=\"Traducci\u00f3n\"><strong><span lang=\"es\" tabindex=\"0\">D\u00f3nde encontrarnos<\/span><\/strong><\/h1>\n<p>Para nosotros ser\u00e1 un honor y un privilegio colaborar con ustedes en la construcci\u00f3n de sus proyectos en el Sur de Chile.[\/vc_column_text][\/vc_column][vc_column][monolit_gmap map_lat=\u00bb-39.29111779990763&#8243; map_long=\u00bb-72.21793258811913&#8243; map_address=\u00bbNuestra oficina &#8211; Villarrica\u00bb map_marker=\u00bb928&#8243;][\/vc_column][vc_column offset=\u00bbvc_col-md-8&#8243;][vc_row_inner css=\u00bb.vc_custom_1456151205880{padding-top: 30px !important;}\u00bb][vc_column_inner offset=\u00bbvc_col-md-4&#8243;][vc_column_text]<\/p>\n<h3 id=\"tw-target-text\" class=\"tw-data-text tw-text-large tw-ta\" dir=\"ltr\" data-placeholder=\"Traducci\u00f3n\"><span lang=\"es\" tabindex=\"0\">Detalles de contacto :<\/span><\/h3>\n<p>[\/vc_column_text][\/vc_column_inner][vc_column_inner offset=\u00bbvc_col-md-4&#8243;][vc_column_text]<\/p>\n<h4 class=\"contact-details\">Oficina Villarrica<\/h4>\n<ul class=\"contact-details\">\n<li><a href=\"#\">Avenida Costanera 1655<\/a><\/li>\n<li><a href=\"#\">+56-992451463<\/a><\/li>\n<li><a href=\"#\">harald@keutmann.cl<\/a><\/li>\n<\/ul>\n<p>[\/vc_column_text][\/vc_column_inner][vc_column_inner offset=\u00bbvc_col-md-4&#8243;][vc_column_text]<\/p>\n<h4 class=\"contact-details\"><\/h4>\n<p>&nbsp;<\/p>\n<p>[\/vc_column_text][\/vc_column_inner][\/vc_row_inner][\/vc_column][\/vc_row]<\/p>\n","protected":false},"excerpt":{"rendered":"<p>[vc_row cth_layout=\u00bbmonolit_page_sec\u00bb][vc_column offset=\u00bbvc_col-md-8&#8243;][vc_column_text] D\u00f3nde encontrarnos Para nosotros ser\u00e1 un honor y un privilegio colaborar con ustedes en la construcci\u00f3n de sus proyectos en el Sur de Chile.[\/vc_column_text][\/vc_column][vc_column][monolit_gmap map_lat=\u00bb-39.29111779990763&#8243; map_long=\u00bb-72.21793258811913&#8243; map_address=\u00bbNuestra oficina &#8211; Villarrica\u00bb map_marker=\u00bb928&#8243;][\/vc_column][vc_column offset=\u00bbvc_col-md-8&#8243;][vc_row_inner css=\u00bb.vc_custom_1456151205880{padding-top: 30px !important;}\u00bb][vc_column_inner offset=\u00bbvc_col-md-4&#8243;][vc_column_text] Detalles de contacto : [\/vc_column_text][\/vc_column_inner][vc_column_inner offset=\u00bbvc_col-md-4&#8243;][vc_column_text] Oficina Villarrica Avenida Costanera 1655 +56-992451463 harald@keutmann.cl [\/vc_column_text][\/vc_column_inner][vc_column_inner offset=\u00bbvc_col-md-4&#8243;][vc_column_text] &nbsp; [&hellip;]<\/p>\n","protected":false},"author":1,"featured_media":0,"parent":0,"menu_order":0,"comment_status":"closed","ping_status":"closed","template":"page-fullwidth.php","meta":[],"_links":{"self":[{"href":"https:\/\/keutmann.cl\/inicio\/wp-json\/wp\/v2\/pages\/172"}],"collection":[{"href":"https:\/\/keutmann.cl\/inicio\/wp-json\/wp\/v2\/pages"}],"about":[{"href":"https:\/\/keutmann.cl\/inicio\/wp-json\/wp\/v2\/types\/page"}],"author":[{"embeddable":true,"href":"https:\/\/keutmann.cl\/inicio\/wp-json\/wp\/v2\/users\/1"}],"replies":[{"embeddable":true,"href":"https:\/\/keutmann.cl\/inicio\/wp-json\/wp\/v2\/comments?post=172"}],"version-history":[{"count":7,"href":"https:\/\/keutmann.cl\/inicio\/wp-json\/wp\/v2\/pages\/172\/revisions"}],"predecessor-version":[{"id":985,"href":"https:\/\/keutmann.cl\/inicio\/wp-json\/wp\/v2\/pages\/172\/revisions\/985"}],"wp:attachment":[{"href":"https:\/\/keutmann.cl\/inicio\/wp-json\/wp\/v2\/media?parent=172"}],"curies":[{"name":"wp","href":"https:\/\/api.w.org\/{rel}","templated":true}]}}